{"id":122,"date":"2026-02-02T19:00:27","date_gmt":"2026-02-02T18:00:27","guid":{"rendered":"https:\/\/www.opoosito.es\/blog\/?page_id=122"},"modified":"2026-02-02T19:00:27","modified_gmt":"2026-02-02T18:00:27","slug":"politica-de-cookies","status":"publish","type":"page","link":"https:\/\/www.opoosito.es\/blog\/politica-de-cookies\/","title":{"rendered":"Pol\u00edtica de Cookies"},"content":{"rendered":"\n<p>El sitio web <strong>opoosito.es<\/strong> utiliza cookies propias y de terceros para mejorar la experiencia del usuario, mostrar publicidad y obtener estad\u00edsticas de uso.<\/p>\n\n\n\n<p>Al acceder al sitio web, el usuario puede <strong>aceptar, rechazar o configurar las cookies<\/strong> a trav\u00e9s del correspondiente <strong>banner de consentimiento<\/strong>.<\/p>\n\n\n\n<h2 class=\"wp-block-heading has-large-font-size\"><strong>1. \u00bfQu\u00e9 son las cookies?<\/strong><\/h2>\n\n\n\n<p>Las cookies son peque\u00f1os archivos que se almacenan en el dispositivo del usuario al acceder a determinadas p\u00e1ginas web y que permiten recordar informaci\u00f3n sobre su navegaci\u00f3n.<\/p>\n\n\n\n<h2 class=\"wp-block-heading has-large-font-size\"><strong>2. Tipos de cookies utilizadas<\/strong><\/h2>\n\n\n\n<ul class=\"wp-block-list\">\n<li><strong>Cookies t\u00e9cnicas o necesarias<\/strong>: Permiten la navegaci\u00f3n por el sitio web y el uso de sus funcionalidades b\u00e1sicas. Estas cookies <strong>no requieren consentimiento<\/strong>.<\/li>\n\n\n\n<li><strong>Cookies de an\u00e1lisis<\/strong>: Permiten analizar el comportamiento de los usuarios para mejorar el contenido y funcionamiento del sitio web. \n<ul class=\"wp-block-list\">\n<li>Ejemplo: <em>Google Analytics<\/em><\/li>\n<\/ul>\n<\/li>\n\n\n\n<li><strong>Cookies publicitarias<\/strong>: Permiten la gesti\u00f3n de los espacios publicitarios incluidos en la web.\n<ul class=\"wp-block-list\">\n<li>Ejemplo: <em>Google AdsSense<\/em><\/li>\n<\/ul>\n<\/li>\n\n\n\n<li><strong>Cookies de publicidad personalizada<\/strong>: Permiten mostrar anuncios personalizados en funci\u00f3n de los h\u00e1bitos de navegaci\u00f3n del usuario. Estas cookies <strong>solo se instalan si el usuario da su consentimiento expreso<\/strong>.<\/li>\n<\/ul>\n\n\n\n<h2 class=\"wp-block-heading has-large-font-size\"><strong>3. Cookies de terceros<\/strong><\/h2>\n\n\n\n<p>Este sitio web utiliza servicios de terceros que pueden instalar cookies, en particular:<\/p>\n\n\n\n<ul class=\"wp-block-list\">\n<li><strong><em>Google LLC<\/em><\/strong><\/li>\n<\/ul>\n\n\n\n<p>M\u00e1s informaci\u00f3n: https:\/\/policies.google.com\/technologies\/cookies<\/p>\n\n\n\n<h2 class=\"wp-block-heading has-large-font-size\"><strong>4. Gesti\u00f3n de cookies<\/strong><\/h2>\n\n\n\n<p>El usuario puede permitir, bloquear o eliminar las cookies mediante:<\/p>\n\n\n\n<ul class=\"wp-block-list\">\n<li>El <strong>panel de configuraci\u00f3n del banner de cookies<\/strong>.<\/li>\n\n\n\n<li>La configuraci\u00f3n de su navegador.<\/li>\n<\/ul>\n\n\n\n<h2 class=\"wp-block-heading has-large-font-size\"><strong>5. Retirada del consentimiento<\/strong><\/h2>\n\n\n\n<p>El usuario puede modificar o retirar su consentimiento en cualquier momento desde el panel de configuraci\u00f3n de cookies disponible en la web.<\/p>\n","protected":false},"excerpt":{"rendered":"<p>El sitio web opoosito.es utiliza cookies propias y de terceros para mejorar la experiencia del usuario, mostrar publicidad y obtener estad\u00edsticas de uso. Al acceder al sitio web, el usuario puede aceptar, rechazar o configurar las cookies a trav\u00e9s del correspondiente banner de consentimiento. 1. \u00bfQu\u00e9 son las cookies? Las cookies son peque\u00f1os archivos que [&hellip;]<\/p>\n","protected":false},"author":1,"featured_media":0,"parent":0,"menu_order":0,"comment_status":"closed","ping_status":"closed","template":"","meta":{"footnotes":""},"class_list":["post-122","page","type-page","status-publish","hentry"],"_links":{"self":[{"href":"https:\/\/www.opoosito.es\/blog\/wp-json\/wp\/v2\/pages\/122","targetHints":{"allow":["GET"]}}],"collection":[{"href":"https:\/\/www.opoosito.es\/blog\/wp-json\/wp\/v2\/pages"}],"about":[{"href":"https:\/\/www.opoosito.es\/blog\/wp-json\/wp\/v2\/types\/page"}],"author":[{"embeddable":true,"href":"https:\/\/www.opoosito.es\/blog\/wp-json\/wp\/v2\/users\/1"}],"replies":[{"embeddable":true,"href":"https:\/\/www.opoosito.es\/blog\/wp-json\/wp\/v2\/comments?post=122"}],"version-history":[{"count":1,"href":"https:\/\/www.opoosito.es\/blog\/wp-json\/wp\/v2\/pages\/122\/revisions"}],"predecessor-version":[{"id":123,"href":"https:\/\/www.opoosito.es\/blog\/wp-json\/wp\/v2\/pages\/122\/revisions\/123"}],"wp:attachment":[{"href":"https:\/\/www.opoosito.es\/blog\/wp-json\/wp\/v2\/media?parent=122"}],"curies":[{"name":"wp","href":"https:\/\/api.w.org\/{rel}","templated":true}]}}